{"id":6090,"date":"2021-02-25T15:21:56","date_gmt":"2021-02-25T13:21:56","guid":{"rendered":"https:\/\/lokale-klimaanpassung.de\/lokales-klimaportal\/"},"modified":"2022-01-08T11:48:22","modified_gmt":"2022-01-08T09:48:22","slug":"local-climate-portal","status":"publish","type":"page","link":"https:\/\/lokale-klimaanpassung.de\/en\/local-climate-portal\/","title":{"rendered":"Local climate portal"},"content":{"rendered":"<div class=\"wp-bootstrap-blocks-row row\">\n\t\n\n<div class=\"col-12 col-md-8\">\n\t\t\t\n\n<figure class=\"wp-block-table\"><table><tbody><tr><td>The climate portal provides you with the latest regional climate projections for Baden-W\u00fcrttemberg. They have been downscaled to the local level and for each of the over 1000 municipalities an individual climate profile has been compiled. You can use the map to access your community&#8217;s climate profile. The raw data for the calculations were provided by the environmental authority of the State of Baden-W\u00fcrttemberg (LUBW, 2020). The projections for the near and distant future are calculated based on the &#8220;business as usual&#8221; scenario (RCP 8.5). In order to account for uncertainties in the climate projections, the respective range of the model ensemble is always given. <br>A detailed description of the methodology can be found <a href=\"https:\/\/lokale-klimaanpassung.de\/en\/local-climate-portal-baden-wurttemberg-data-basis-and-methodology\/\">here<\/a>.<br><br>The processing and calculation of the data was done at the <a href=\"https:\/\/www.geographie.uni-freiburg.de\/en\/professorships\/physical-geography?set_language=en\" target=\"_blank\" rel=\"noreferrer noopener\">Chair of Physical Geography<\/a> at the University of Freiburg.<\/td><\/tr><\/tbody><\/table><\/figure>\n\n\n<div class=\"wp-block-lklk-klimaportal-search-select\" ><\/div>\n\n<div class=\"wp-block-lklk-klimaportal-map-loader position-relative mt-5 cursor-pointer\" ><div class=\"d-flex justify-content-center align-items-center\"><span class=\"btn text-dark btn-outline-light d-flex justify-content-center align-items-center\"><span class=\"text status\">Open the <br\/>map view<\/span><span class=\"ml-2\" style=\"width: 100px; height: 0;\"><\/span><span class=\"ml-2 text small\">Data volume: <br\/>approx. 11 MB<\/span><\/span><\/div><div class=\"position-absolute\"><img loading=\"lazy\" decoding=\"async\" class=\"ml-2\" src=\"https:\/\/lokale-klimaanpassung.de\/wp-content\/themes\/LoKlim__lo-klim-de_wp-theme\/images\/loading-icon.svg\" width=\"100\" height=\"112\"> <\/div><\/div><div class=\"wp-block-lklk-klimaportal-map\" data-klimaportal-map=\"{&quot;dataFileName&quot;:&quot;mega_climate_absolute_20200924.zip&quot;,&quot;dataFileUrl&quot;:&quot;https:\\\/\\\/lokale-klimaanpassung.de\\\/wp-content\\\/uploads\\\/2021\\\/02\\\/mega_climate_absolute_20200924.zip&quot;,&quot;dataKreiseFileName&quot;:&quot;AX_Gebiet_Kreis.zip&quot;,&quot;dataKreiseFileUrl&quot;:&quot;https:\\\/\\\/lokale-klimaanpassung.de\\\/wp-content\\\/uploads\\\/2021\\\/03\\\/AX_Gebiet_Kreis.zip&quot;,&quot;mapHeight&quot;:&quot;1000&quot;,&quot;dataFileId&quot;:&quot;0&quot;,&quot;dataKreiseFileId&quot;:&quot;0&quot;}\" ><\/div>\n\n\n<p><\/p>\n\n\t<\/div>\n\n\n\n<div class=\"col-12 col-md-4\">\n\t\t\t\n\n\n<div class=\"wp-block-lklk-klimaportal-select-klimaparameter mb-0\" ><\/div>\n\n<div class=\"wp-block-lklk-klimaportal-select-zeitbezug mb-0\" ><\/div>\n\n\n<p><\/p>\n\n\t<\/div>\n\n<\/div>\n\n\n\n<p><\/p>\n","protected":false},"excerpt":{"rendered":"<p> \u2026<a href=\"https:\/\/lokale-klimaanpassung.de\/en\/local-climate-portal\/\">Read more<\/a><\/p>\n","protected":false},"author":1,"featured_media":0,"parent":0,"menu_order":36,"comment_status":"closed","ping_status":"closed","template":"","meta":{"inline_featured_image":false,"_EventAllDay":false,"_EventTimezone":"","_EventStartDate":"","_EventEndDate":"","_EventStartDateUTC":"","_EventEndDateUTC":"","_EventShowMap":false,"_EventShowMapLink":false,"_EventURL":"","_EventCost":"","_EventCostDescription":"","_EventCurrencySymbol":"","_EventCurrencyCode":"","_EventCurrencyPosition":"","_EventDateTimeSeparator":"","_EventTimeRangeSeparator":"","_EventOrganizerID":[],"_EventVenueID":[],"_OrganizerEmail":"","_OrganizerPhone":"","_OrganizerWebsite":"","_VenueAddress":"","_VenueCity":"","_VenueCountry":"","_VenueProvince":"","_VenueState":"","_VenueZip":"","_VenuePhone":"","_VenueURL":"","_VenueStateProvince":"","_VenueLat":"","_VenueLng":"","_VenueShowMap":false,"_VenueShowMapLink":false,"footnotes":""},"class_list":["post-6090","page","type-page","status-publish","hentry","current-obj"],"yoast_head":"<!-- This site is optimized with the Yoast SEO plugin v27.4 - https:\/\/yoast.com\/product\/yoast-seo-wordpress\/ -->\n<title>Local climate portal Baden-W\u00fcrttemberg - Lokale Klimaanpassung<\/title>\n<meta name=\"description\" content=\"Im Klimaportal erfahren Sie die aktuellen Klimaprojektionen f\u00fcr Baden-W\u00fcrttemberg in Form einer interaktiven Karte.\" \/>\n<meta name=\"robots\" content=\"index, follow, max-snippet:-1, max-image-preview:large, max-video-preview:-1\" \/>\n<link rel=\"canonical\" href=\"https:\/\/lokale-klimaanpassung.de\/en\/local-climate-portal\/\" \/>\n<meta property=\"og:locale\" content=\"en_US\" \/>\n<meta property=\"og:type\" content=\"article\" \/>\n<meta property=\"og:title\" content=\"Lokales Klimaportal Baden-W\u00fcrttemberg - Lokale Klimaanpassung\" \/>\n<meta property=\"og:description\" content=\"Im Klimaportal erfahren Sie die aktuellen Klimaprojektionen f\u00fcr Baden-W\u00fcrttemberg in Form einer interaktiven Karte.\" \/>\n<meta property=\"og:url\" content=\"https:\/\/lokale-klimaanpassung.de\/en\/local-climate-portal\/\" \/>\n<meta property=\"og:site_name\" content=\"Lokale Klimaanpassung\" \/>\n<meta property=\"article:modified_time\" content=\"2022-01-08T09:48:22+00:00\" \/>\n<meta property=\"og:image\" content=\"https:\/\/lokale-klimaanpassung.de\/wp-content\/uploads\/2021\/06\/loklim-klimaportal.png\" \/>\n\t<meta property=\"og:image:width\" content=\"1057\" \/>\n\t<meta property=\"og:image:height\" content=\"878\" \/>\n\t<meta property=\"og:image:type\" content=\"image\/png\" \/>\n<meta name=\"twitter:card\" content=\"summary_large_image\" \/>\n<meta name=\"twitter:site\" content=\"@loklimfreiburg\" \/>\n<meta name=\"twitter:label1\" content=\"Est. reading time\" \/>\n\t<meta name=\"twitter:data1\" content=\"1 minute\" \/>\n<script type=\"application\/ld+json\" class=\"yoast-schema-graph\">{\"@context\":\"https:\\\/\\\/schema.org\",\"@graph\":[{\"@type\":\"WebPage\",\"@id\":\"https:\\\/\\\/lokale-klimaanpassung.de\\\/en\\\/local-climate-portal\\\/\",\"url\":\"https:\\\/\\\/lokale-klimaanpassung.de\\\/en\\\/local-climate-portal\\\/\",\"name\":\"Local climate portal Baden-W\u00fcrttemberg - Lokale Klimaanpassung\",\"isPartOf\":{\"@id\":\"https:\\\/\\\/lokale-klimaanpassung.de\\\/#website\"},\"datePublished\":\"2021-02-25T13:21:56+00:00\",\"dateModified\":\"2022-01-08T09:48:22+00:00\",\"description\":\"Im Klimaportal erfahren Sie die aktuellen Klimaprojektionen f\u00fcr Baden-W\u00fcrttemberg in Form einer interaktiven Karte.\",\"breadcrumb\":{\"@id\":\"https:\\\/\\\/lokale-klimaanpassung.de\\\/en\\\/local-climate-portal\\\/#breadcrumb\"},\"inLanguage\":\"en-US\",\"potentialAction\":[{\"@type\":\"ReadAction\",\"target\":[\"https:\\\/\\\/lokale-klimaanpassung.de\\\/en\\\/local-climate-portal\\\/\"]}]},{\"@type\":\"BreadcrumbList\",\"@id\":\"https:\\\/\\\/lokale-klimaanpassung.de\\\/en\\\/local-climate-portal\\\/#breadcrumb\",\"itemListElement\":[{\"@type\":\"ListItem\",\"position\":1,\"name\":\"Start\",\"item\":\"https:\\\/\\\/lokale-klimaanpassung.de\\\/en\\\/\"},{\"@type\":\"ListItem\",\"position\":2,\"name\":\"Local climate portal\"}]},{\"@type\":\"WebSite\",\"@id\":\"https:\\\/\\\/lokale-klimaanpassung.de\\\/#website\",\"url\":\"https:\\\/\\\/lokale-klimaanpassung.de\\\/\",\"name\":\"Lokale Klimaanpassung\",\"description\":\"Lokale Klimaintiativen Baden-W\u00fcrttemberg\",\"publisher\":{\"@id\":\"https:\\\/\\\/lokale-klimaanpassung.de\\\/#organization\"},\"potentialAction\":[{\"@type\":\"SearchAction\",\"target\":{\"@type\":\"EntryPoint\",\"urlTemplate\":\"https:\\\/\\\/lokale-klimaanpassung.de\\\/?s={search_term_string}\"},\"query-input\":{\"@type\":\"PropertyValueSpecification\",\"valueRequired\":true,\"valueName\":\"search_term_string\"}}],\"inLanguage\":\"en-US\"},{\"@type\":\"Organization\",\"@id\":\"https:\\\/\\\/lokale-klimaanpassung.de\\\/#organization\",\"name\":\"Lokale Klimaanpassung\",\"url\":\"https:\\\/\\\/lokale-klimaanpassung.de\\\/\",\"logo\":{\"@type\":\"ImageObject\",\"inLanguage\":\"en-US\",\"@id\":\"https:\\\/\\\/lokale-klimaanpassung.de\\\/#\\\/schema\\\/logo\\\/image\\\/\",\"url\":\"https:\\\/\\\/lokale-klimaanpassung.de\\\/wp-content\\\/uploads\\\/2021\\\/10\\\/LoKlim_Signet_vertikal_en.svg\",\"contentUrl\":\"https:\\\/\\\/lokale-klimaanpassung.de\\\/wp-content\\\/uploads\\\/2021\\\/10\\\/LoKlim_Signet_vertikal_en.svg\",\"width\":184,\"height\":145,\"caption\":\"Lokale Klimaanpassung\"},\"image\":{\"@id\":\"https:\\\/\\\/lokale-klimaanpassung.de\\\/#\\\/schema\\\/logo\\\/image\\\/\"},\"sameAs\":[\"https:\\\/\\\/x.com\\\/loklimfreiburg\"]}]}<\/script>\n<!-- \/ Yoast SEO plugin. -->","yoast_head_json":{"title":"Local climate portal Baden-W\u00fcrttemberg - Lokale Klimaanpassung","description":"Im Klimaportal erfahren Sie die aktuellen Klimaprojektionen f\u00fcr Baden-W\u00fcrttemberg in Form einer interaktiven Karte.","robots":{"index":"index","follow":"follow","max-snippet":"max-snippet:-1","max-image-preview":"max-image-preview:large","max-video-preview":"max-video-preview:-1"},"canonical":"https:\/\/lokale-klimaanpassung.de\/en\/local-climate-portal\/","og_locale":"en_US","og_type":"article","og_title":"Lokales Klimaportal Baden-W\u00fcrttemberg - Lokale Klimaanpassung","og_description":"Im Klimaportal erfahren Sie die aktuellen Klimaprojektionen f\u00fcr Baden-W\u00fcrttemberg in Form einer interaktiven Karte.","og_url":"https:\/\/lokale-klimaanpassung.de\/en\/local-climate-portal\/","og_site_name":"Lokale Klimaanpassung","article_modified_time":"2022-01-08T09:48:22+00:00","og_image":[{"width":1057,"height":878,"url":"https:\/\/lokale-klimaanpassung.de\/wp-content\/uploads\/2021\/06\/loklim-klimaportal.png","type":"image\/png"}],"twitter_card":"summary_large_image","twitter_site":"@loklimfreiburg","twitter_misc":{"Est. reading time":"1 minute"},"schema":{"@context":"https:\/\/schema.org","@graph":[{"@type":"WebPage","@id":"https:\/\/lokale-klimaanpassung.de\/en\/local-climate-portal\/","url":"https:\/\/lokale-klimaanpassung.de\/en\/local-climate-portal\/","name":"Local climate portal Baden-W\u00fcrttemberg - Lokale Klimaanpassung","isPartOf":{"@id":"https:\/\/lokale-klimaanpassung.de\/#website"},"datePublished":"2021-02-25T13:21:56+00:00","dateModified":"2022-01-08T09:48:22+00:00","description":"Im Klimaportal erfahren Sie die aktuellen Klimaprojektionen f\u00fcr Baden-W\u00fcrttemberg in Form einer interaktiven Karte.","breadcrumb":{"@id":"https:\/\/lokale-klimaanpassung.de\/en\/local-climate-portal\/#breadcrumb"},"inLanguage":"en-US","potentialAction":[{"@type":"ReadAction","target":["https:\/\/lokale-klimaanpassung.de\/en\/local-climate-portal\/"]}]},{"@type":"BreadcrumbList","@id":"https:\/\/lokale-klimaanpassung.de\/en\/local-climate-portal\/#breadcrumb","itemListElement":[{"@type":"ListItem","position":1,"name":"Start","item":"https:\/\/lokale-klimaanpassung.de\/en\/"},{"@type":"ListItem","position":2,"name":"Local climate portal"}]},{"@type":"WebSite","@id":"https:\/\/lokale-klimaanpassung.de\/#website","url":"https:\/\/lokale-klimaanpassung.de\/","name":"Lokale Klimaanpassung","description":"Lokale Klimaintiativen Baden-W\u00fcrttemberg","publisher":{"@id":"https:\/\/lokale-klimaanpassung.de\/#organization"},"potentialAction":[{"@type":"SearchAction","target":{"@type":"EntryPoint","urlTemplate":"https:\/\/lokale-klimaanpassung.de\/?s={search_term_string}"},"query-input":{"@type":"PropertyValueSpecification","valueRequired":true,"valueName":"search_term_string"}}],"inLanguage":"en-US"},{"@type":"Organization","@id":"https:\/\/lokale-klimaanpassung.de\/#organization","name":"Lokale Klimaanpassung","url":"https:\/\/lokale-klimaanpassung.de\/","logo":{"@type":"ImageObject","inLanguage":"en-US","@id":"https:\/\/lokale-klimaanpassung.de\/#\/schema\/logo\/image\/","url":"https:\/\/lokale-klimaanpassung.de\/wp-content\/uploads\/2021\/10\/LoKlim_Signet_vertikal_en.svg","contentUrl":"https:\/\/lokale-klimaanpassung.de\/wp-content\/uploads\/2021\/10\/LoKlim_Signet_vertikal_en.svg","width":184,"height":145,"caption":"Lokale Klimaanpassung"},"image":{"@id":"https:\/\/lokale-klimaanpassung.de\/#\/schema\/logo\/image\/"},"sameAs":["https:\/\/x.com\/loklimfreiburg"]}]}},"hisi_hide_singular":"","_links":{"self":[{"href":"https:\/\/lokale-klimaanpassung.de\/en\/wp-json\/wp\/v2\/pages\/6090","targetHints":{"allow":["GET"]}}],"collection":[{"href":"https:\/\/lokale-klimaanpassung.de\/en\/wp-json\/wp\/v2\/pages"}],"about":[{"href":"https:\/\/lokale-klimaanpassung.de\/en\/wp-json\/wp\/v2\/types\/page"}],"author":[{"embeddable":true,"href":"https:\/\/lokale-klimaanpassung.de\/en\/wp-json\/wp\/v2\/users\/1"}],"replies":[{"embeddable":true,"href":"https:\/\/lokale-klimaanpassung.de\/en\/wp-json\/wp\/v2\/comments?post=6090"}],"version-history":[{"count":8,"href":"https:\/\/lokale-klimaanpassung.de\/en\/wp-json\/wp\/v2\/pages\/6090\/revisions"}],"predecessor-version":[{"id":7035,"href":"https:\/\/lokale-klimaanpassung.de\/en\/wp-json\/wp\/v2\/pages\/6090\/revisions\/7035"}],"wp:attachment":[{"href":"https:\/\/lokale-klimaanpassung.de\/en\/wp-json\/wp\/v2\/media?parent=6090"}],"curies":[{"name":"wp","href":"https:\/\/api.w.org\/{rel}","templated":true}]}}