{"id":6086,"date":"2020-07-07T14:14:41","date_gmt":"2020-07-07T14:14:41","guid":{"rendered":"https:\/\/lokale-klimaanpassung.de\/projektpartner\/projektbeirat\/"},"modified":"2021-12-07T10:28:02","modified_gmt":"2021-12-07T08:28:02","slug":"projektbeirat","status":"publish","type":"page","link":"https:\/\/lokale-klimaanpassung.de\/en\/projektpartner\/projektbeirat\/","title":{"rendered":"Project Advisory Board"},"content":{"rendered":"<div class=\"wp-bootstrap-blocks-row row\">\n\t\n\n<div class=\"col-12 col-md-8\">\n\t\t\t\n\n<blockquote class=\"wp-block-quote is-layout-flow wp-block-quote-is-layout-flow\"><p>A project advisory board has been established to support the project in strategic questions of orientation and implementation. The project advisory board consists of various experts from research and planning practice.<\/p><\/blockquote>\n\n\n\n<div style=\"height:40px\" aria-hidden=\"true\" class=\"wp-block-spacer\"><\/div>\n\n\n\n<figure class=\"wp-block-image size-large is-resized\"><a href=\"https:\/\/energieagentur-regio-freiburg.eu\/kontakt\/#leitbild\"><img loading=\"lazy\" decoding=\"async\" src=\"https:\/\/lokale-klimaanpassung.de\/wp-content\/uploads\/2020\/07\/energieagentur-regio-freiburg-logo.png\" alt=\"\" class=\"wp-image-6087\" width=\"260\" height=\"49\" srcset=\"https:\/\/lokale-klimaanpassung.de\/wp-content\/uploads\/2020\/07\/energieagentur-regio-freiburg-logo.png 932w, https:\/\/lokale-klimaanpassung.de\/wp-content\/uploads\/2020\/07\/energieagentur-regio-freiburg-logo-300x57.png 300w, https:\/\/lokale-klimaanpassung.de\/wp-content\/uploads\/2020\/07\/energieagentur-regio-freiburg-logo-768x146.png 768w\" sizes=\"auto, (max-width: 260px) 100vw, 260px\" \/><\/a><\/figure>\n\n\n\n<p>As a service company, the Energieagentur Regio Freiburg (EA Regio Freiburg) advises, supports and informs municipalities, companies and private individuals in the South Baden region in the area of climate protection. Together with fesa e.V., the energy agency implements the project on water efficiency in the southern Black Forest (IWaN) and has designed an exhibition on the individual consequences of climate change. In addition, they organize events and seminars on a wide variety of climate change-related topics. <br><a href=\"https:\/\/energieagentur-regio-freiburg.eu\/kontakt\/#leitbild\">More information &#8230;<\/a><\/p>\n\n\n\n<div style=\"height:40px\" aria-hidden=\"true\" class=\"wp-block-spacer\"><\/div>\n\n\n\n<figure class=\"wp-block-image size-large is-resized\"><a href=\"https:\/\/www.fortbildung-klimawandel.de\/\"><img loading=\"lazy\" decoding=\"async\" src=\"https:\/\/lokale-klimaanpassung.de\/wp-content\/uploads\/2020\/07\/log_ifpro.jpg\" alt=\"\" class=\"wp-image-398\" width=\"103\" height=\"51\"\/><\/a><\/figure>\n\n\n\n<p>The Institute for Further Education and Project Management (ifpro) conducts advanced training events around climate change, climate protection and climate adaptation topics. In the AKKlima Oberrhein project, a range of training courses on adaptation to climate change in the field of urban and residential development was developed. With its offers, the institute addresses private individuals as well as municipalities and companies. Within LoKlim, ifpro will design and conduct the practical seminars.<br><a aria-label=\"undefined (opens in a new tab)\" href=\"https:\/\/www.fortbildung-klimawandel.de\/\" target=\"_blank\" rel=\"noreferrer noopener\">More information &#8230;<\/a><\/p>\n\n\n\n<div style=\"height:40px\" aria-hidden=\"true\" class=\"wp-block-spacer\"><\/div>\n\n\n\n<figure class=\"wp-block-image size-large is-resized\"><a href=\"https:\/\/www.kea-bw.de\/die-kea-bw\"><img loading=\"lazy\" decoding=\"async\" src=\"https:\/\/lokale-klimaanpassung.de\/wp-content\/uploads\/2020\/07\/logo_kea-1024x292.png\" alt=\"\" class=\"wp-image-399\" width=\"242\" height=\"68\" srcset=\"https:\/\/lokale-klimaanpassung.de\/wp-content\/uploads\/2020\/07\/logo_kea-1024x292.png 1024w, https:\/\/lokale-klimaanpassung.de\/wp-content\/uploads\/2020\/07\/logo_kea-300x86.png 300w, https:\/\/lokale-klimaanpassung.de\/wp-content\/uploads\/2020\/07\/logo_kea-768x219.png 768w, https:\/\/lokale-klimaanpassung.de\/wp-content\/uploads\/2020\/07\/logo_kea-1536x439.png 1536w, https:\/\/lokale-klimaanpassung.de\/wp-content\/uploads\/2020\/07\/logo_kea.png 1604w\" sizes=\"auto, (max-width: 242px) 100vw, 242px\" \/><\/a><\/figure>\n\n\n\n<p>The Climate Protection and Energy Agency Baden-W\u00fcrttemberg (KEA-BW) was founded in 1994 with the aim of promoting climate protection issues in Baden-W\u00fcrttemberg. In the meantime, it has also included the topic of climate change adaptation in its portfolio. The most important target group of its work are municipalities, which it supports through consulting, networking and the implementation of specific projects.<br><a aria-label=\"undefined (opens in a new tab)\" href=\"https:\/\/www.kea-bw.de\/die-kea-bw\" target=\"_blank\" rel=\"noreferrer noopener\">More information &#8230;<\/a><\/p>\n\n\n\n<div style=\"height:40px\" aria-hidden=\"true\" class=\"wp-block-spacer\"><\/div>\n\n\n\n<figure class=\"wp-block-image size-large is-resized\"><a href=\"https:\/\/www.sueddeutsches-klimabuero.de\/ueber_uns.php\"><img loading=\"lazy\" decoding=\"async\" src=\"https:\/\/lokale-klimaanpassung.de\/wp-content\/uploads\/2020\/07\/logo_s\u00fcddeutsches_klimabuero.jpg\" alt=\"\" class=\"wp-image-400\" width=\"249\" height=\"92\" srcset=\"https:\/\/lokale-klimaanpassung.de\/wp-content\/uploads\/2020\/07\/logo_s\u00fcddeutsches_klimabuero.jpg 456w, https:\/\/lokale-klimaanpassung.de\/wp-content\/uploads\/2020\/07\/logo_s\u00fcddeutsches_klimabuero-300x111.jpg 300w\" sizes=\"auto, (max-width: 249px) 100vw, 249px\" \/><\/a><\/figure>\n\n\n\n<p>Founded in 2007 as an institution for climate communication at the Karlsruhe Institute of Technology (KIT), the South German Climate Office has a high level of expertise in the field of climate research. One goal of its work is to make climate research useful for society. The Climate Office sees itself as a mediator between science, politics, society and business.<br><a aria-label=\"undefined (opens in a new tab)\" href=\"http:\/\/www.sueddeutsches-klimabuero.de\" target=\"_blank\" rel=\"noreferrer noopener\">More information &#8230;<\/a><\/p>\n\n\n\n<div style=\"height:40px\" aria-hidden=\"true\" class=\"wp-block-spacer\"><\/div>\n\n\n\n<figure class=\"wp-block-image size-large is-resized\"><a href=\"https:\/\/www.lubw.baden-wuerttemberg.de\/die-lubw\"><img loading=\"lazy\" decoding=\"async\" src=\"https:\/\/lokale-klimaanpassung.de\/wp-content\/uploads\/2020\/07\/logo_lubw-1.jpg\" alt=\"\" class=\"wp-image-414\" width=\"151\" height=\"54\" srcset=\"https:\/\/lokale-klimaanpassung.de\/wp-content\/uploads\/2020\/07\/logo_lubw-1.jpg 400w, https:\/\/lokale-klimaanpassung.de\/wp-content\/uploads\/2020\/07\/logo_lubw-1-300x107.jpg 300w\" sizes=\"auto, (max-width: 151px) 100vw, 151px\" \/><\/a><\/figure>\n\n\n\n<p>The Landesanstalt f\u00fcr Umwelt Baden-W\u00fcrttemberg (LUBW) played a key role in the preparation of the Baden-W\u00fcrttemberg adaptation strategy in 2015. It advises the state government on environmental and nature conservation topics based on its own measurement data, among other things. Currently, LUBW is in the process of establishing a competence center in the field of climate change and adaptation.<br><a aria-label=\"undefined (opens in a new tab)\" href=\"https:\/\/www.lubw.baden-wuerttemberg.de\/die-lubw\" target=\"_blank\" rel=\"noreferrer noopener\">More information &#8230;<\/a><\/p>\n\n\n\n<div style=\"height:40px\" aria-hidden=\"true\" class=\"wp-block-spacer\"><\/div>\n\n\n\n<figure class=\"wp-block-image size-large is-resized\"><a href=\"http:\/\/www.nordschwarzwald-region.de\/regionalverband\/\"><img loading=\"lazy\" decoding=\"async\" src=\"https:\/\/lokale-klimaanpassung.de\/wp-content\/uploads\/2020\/07\/logo-1.png\" alt=\"\" class=\"wp-image-416\" width=\"268\" height=\"60\" srcset=\"https:\/\/lokale-klimaanpassung.de\/wp-content\/uploads\/2020\/07\/logo-1.png 492w, https:\/\/lokale-klimaanpassung.de\/wp-content\/uploads\/2020\/07\/logo-1-300x67.png 300w\" sizes=\"auto, (max-width: 268px) 100vw, 268px\" \/><\/a><\/figure>\n\n\n\n<p>The Northern Black Forest Regional Association represents the Enzkreis, Pforzheim, Calw and Freudenstadt districts and prepares the regional plan, the landscape framework plan and the raw materials security concept. Through the regional planning association, the model project for regional planning (MORO) for the development of spatial strategies for climate change in the northern Black Forest and middle upper Rhine region was accompanied. In addition, the regional planning association is involved in landscape planning and participates in urban land use planning and specialized planning.<br><a aria-label=\"undefined (opens in a new tab)\" href=\"http:\/\/www.nordschwarzwald-region.de\/regionalverband\/\" target=\"_blank\" rel=\"noreferrer noopener\">More information &#8230;<\/a><\/p>\n\n\n\n<div style=\"height:45px\" aria-hidden=\"true\" class=\"wp-block-spacer\"><\/div>\n\n\n\n<figure class=\"wp-block-image size-large is-resized\"><a href=\"https:\/\/www.rvso.de\/de\/verband\/index.php\"><img loading=\"lazy\" decoding=\"async\" src=\"https:\/\/lokale-klimaanpassung.de\/wp-content\/uploads\/2020\/07\/logo_regionalverband_s\u00fcdlicher_oberrhein-1.jpg\" alt=\"\" class=\"wp-image-418\" width=\"395\" height=\"158\"\/><\/a><\/figure>\n\n\n\n<p>The Regional Association Southern Upper Rhine represents the three districts of Breisgau-Hochschwarzwald, Emmendingen, the Ortenaukreis and the city district of Freiburg. As early as 2006, the Regional Association prepared a Regional Climate Analysis Southern Upper Rhine (REKLISO) and thus created a basis for adaptation to the consequences of climate change in the region. The main task of the regional planning association is the implementation of the regional plan, which touches on climate protection and climate change adaptation in many parts.<br><a aria-label=\"undefined (opens in a new tab)\" href=\"https:\/\/www.rvso.de\/de\/verband\/index.php\" target=\"_blank\" rel=\"noreferrer noopener\">More information &#8230;<\/a><\/p>\n\n\t<\/div>\n\n\n\n<div class=\"col-12 col-md-4\">\n\t\t\t\n\n\n\n<figure class=\"wp-block-image size-large advert bottom\"><img loading=\"lazy\" decoding=\"async\" width=\"1024\" height=\"613\" src=\"https:\/\/lokale-klimaanpassung.de\/wp-content\/uploads\/2021\/11\/BMU_2018_supported_Office_Farbe_eng-1024x613.png\" alt=\"\" class=\"wp-image-6484\" srcset=\"https:\/\/lokale-klimaanpassung.de\/wp-content\/uploads\/2021\/11\/BMU_2018_supported_Office_Farbe_eng-1024x613.png 1024w, https:\/\/lokale-klimaanpassung.de\/wp-content\/uploads\/2021\/11\/BMU_2018_supported_Office_Farbe_eng-300x180.png 300w, https:\/\/lokale-klimaanpassung.de\/wp-content\/uploads\/2021\/11\/BMU_2018_supported_Office_Farbe_eng-768x460.png 768w, https:\/\/lokale-klimaanpassung.de\/wp-content\/uploads\/2021\/11\/BMU_2018_supported_Office_Farbe_eng-1536x919.png 1536w, https:\/\/lokale-klimaanpassung.de\/wp-content\/uploads\/2021\/11\/BMU_2018_supported_Office_Farbe_eng-2048x1226.png 2048w\" sizes=\"auto, (max-width: 1024px) 100vw, 1024px\" \/><\/figure>\n\n\t<\/div>\n\n<\/div>\n","protected":false},"excerpt":{"rendered":"<p> \u2026<a href=\"https:\/\/lokale-klimaanpassung.de\/en\/projektpartner\/projektbeirat\/\">Read more<\/a><\/p>\n","protected":false},"author":1,"featured_media":0,"parent":6084,"menu_order":31,"comment_status":"closed","ping_status":"closed","template":"","meta":{"inline_featured_image":false,"_EventAllDay":false,"_EventTimezone":"","_EventStartDate":"","_EventEndDate":"","_EventStartDateUTC":"","_EventEndDateUTC":"","_EventShowMap":false,"_EventShowMapLink":false,"_EventURL":"","_EventCost":"","_EventCostDescription":"","_EventCurrencySymbol":"","_EventCurrencyCode":"","_EventCurrencyPosition":"","_EventDateTimeSeparator":"","_EventTimeRangeSeparator":"","_EventOrganizerID":[],"_EventVenueID":[],"_OrganizerEmail":"","_OrganizerPhone":"","_OrganizerWebsite":"","_VenueAddress":"","_VenueCity":"","_VenueCountry":"","_VenueProvince":"","_VenueState":"","_VenueZip":"","_VenuePhone":"","_VenueURL":"","_VenueStateProvince":"","_VenueLat":"","_VenueLng":"","_VenueShowMap":false,"_VenueShowMapLink":false,"footnotes":""},"class_list":["post-6086","page","type-page","status-publish","hentry","current-obj"],"yoast_head":"<!-- This site is optimized with the Yoast SEO plugin v27.4 - https:\/\/yoast.com\/product\/yoast-seo-wordpress\/ -->\n<title>Project Advisory Board - Lokale Klimaanpassung<\/title>\n<meta name=\"description\" content=\"Energieagentur Regio Freiburg, ifpro, KEA-BW, S\u00fcddeutsches Klimab\u00fcro, LUBW, Regionalverband Nordschwarzwald und S\u00fcdlicher Oberrhein bilden den Proketbeirat.\" \/>\n<meta name=\"robots\" content=\"index, follow, max-snippet:-1, max-image-preview:large, max-video-preview:-1\" \/>\n<link rel=\"canonical\" href=\"https:\/\/lokale-klimaanpassung.de\/en\/projektpartner\/projektbeirat\/\" \/>\n<meta property=\"og:locale\" content=\"en_US\" \/>\n<meta property=\"og:type\" content=\"article\" \/>\n<meta property=\"og:title\" content=\"Project Advisory Board - Lokale Klimaanpassung\" \/>\n<meta property=\"og:description\" content=\"Energieagentur Regio Freiburg, ifpro, KEA-BW, S\u00fcddeutsches Klimab\u00fcro, LUBW, Regionalverband Nordschwarzwald und S\u00fcdlicher Oberrhein bilden den Proketbeirat.\" \/>\n<meta property=\"og:url\" content=\"https:\/\/lokale-klimaanpassung.de\/en\/projektpartner\/projektbeirat\/\" \/>\n<meta property=\"og:site_name\" content=\"Lokale Klimaanpassung\" \/>\n<meta property=\"article:modified_time\" content=\"2021-12-07T08:28:02+00:00\" \/>\n<meta property=\"og:image\" content=\"https:\/\/lokale-klimaanpassung.de\/wp-content\/uploads\/2020\/07\/energieagentur-regio-freiburg-logo.png\" \/>\n<meta name=\"twitter:card\" content=\"summary_large_image\" \/>\n<meta name=\"twitter:site\" content=\"@loklimfreiburg\" \/>\n<meta name=\"twitter:label1\" content=\"Est. reading time\" \/>\n\t<meta name=\"twitter:data1\" content=\"4 minutes\" \/>\n<script type=\"application\/ld+json\" class=\"yoast-schema-graph\">{\"@context\":\"https:\\\/\\\/schema.org\",\"@graph\":[{\"@type\":\"WebPage\",\"@id\":\"https:\\\/\\\/lokale-klimaanpassung.de\\\/en\\\/projektpartner\\\/projektbeirat\\\/\",\"url\":\"https:\\\/\\\/lokale-klimaanpassung.de\\\/en\\\/projektpartner\\\/projektbeirat\\\/\",\"name\":\"Project Advisory Board - Lokale Klimaanpassung\",\"isPartOf\":{\"@id\":\"https:\\\/\\\/lokale-klimaanpassung.de\\\/#website\"},\"primaryImageOfPage\":{\"@id\":\"https:\\\/\\\/lokale-klimaanpassung.de\\\/en\\\/projektpartner\\\/projektbeirat\\\/#primaryimage\"},\"image\":{\"@id\":\"https:\\\/\\\/lokale-klimaanpassung.de\\\/en\\\/projektpartner\\\/projektbeirat\\\/#primaryimage\"},\"thumbnailUrl\":\"https:\\\/\\\/lokale-klimaanpassung.de\\\/wp-content\\\/uploads\\\/2020\\\/07\\\/energieagentur-regio-freiburg-logo.png\",\"datePublished\":\"2020-07-07T14:14:41+00:00\",\"dateModified\":\"2021-12-07T08:28:02+00:00\",\"description\":\"Energieagentur Regio Freiburg, ifpro, KEA-BW, S\u00fcddeutsches Klimab\u00fcro, LUBW, Regionalverband Nordschwarzwald und S\u00fcdlicher Oberrhein bilden den Proketbeirat.\",\"breadcrumb\":{\"@id\":\"https:\\\/\\\/lokale-klimaanpassung.de\\\/en\\\/projektpartner\\\/projektbeirat\\\/#breadcrumb\"},\"inLanguage\":\"en-US\",\"potentialAction\":[{\"@type\":\"ReadAction\",\"target\":[\"https:\\\/\\\/lokale-klimaanpassung.de\\\/en\\\/projektpartner\\\/projektbeirat\\\/\"]}]},{\"@type\":\"ImageObject\",\"inLanguage\":\"en-US\",\"@id\":\"https:\\\/\\\/lokale-klimaanpassung.de\\\/en\\\/projektpartner\\\/projektbeirat\\\/#primaryimage\",\"url\":\"https:\\\/\\\/lokale-klimaanpassung.de\\\/wp-content\\\/uploads\\\/2020\\\/07\\\/energieagentur-regio-freiburg-logo.png\",\"contentUrl\":\"https:\\\/\\\/lokale-klimaanpassung.de\\\/wp-content\\\/uploads\\\/2020\\\/07\\\/energieagentur-regio-freiburg-logo.png\"},{\"@type\":\"BreadcrumbList\",\"@id\":\"https:\\\/\\\/lokale-klimaanpassung.de\\\/en\\\/projektpartner\\\/projektbeirat\\\/#breadcrumb\",\"itemListElement\":[{\"@type\":\"ListItem\",\"position\":1,\"name\":\"Start\",\"item\":\"https:\\\/\\\/lokale-klimaanpassung.de\\\/en\\\/\"},{\"@type\":\"ListItem\",\"position\":2,\"name\":\"Project partners\",\"item\":\"https:\\\/\\\/lokale-klimaanpassung.de\\\/en\\\/projektpartner\\\/\"},{\"@type\":\"ListItem\",\"position\":3,\"name\":\"Project Advisory Board\"}]},{\"@type\":\"WebSite\",\"@id\":\"https:\\\/\\\/lokale-klimaanpassung.de\\\/#website\",\"url\":\"https:\\\/\\\/lokale-klimaanpassung.de\\\/\",\"name\":\"Lokale Klimaanpassung\",\"description\":\"Lokale Klimaintiativen Baden-W\u00fcrttemberg\",\"publisher\":{\"@id\":\"https:\\\/\\\/lokale-klimaanpassung.de\\\/#organization\"},\"potentialAction\":[{\"@type\":\"SearchAction\",\"target\":{\"@type\":\"EntryPoint\",\"urlTemplate\":\"https:\\\/\\\/lokale-klimaanpassung.de\\\/?s={search_term_string}\"},\"query-input\":{\"@type\":\"PropertyValueSpecification\",\"valueRequired\":true,\"valueName\":\"search_term_string\"}}],\"inLanguage\":\"en-US\"},{\"@type\":\"Organization\",\"@id\":\"https:\\\/\\\/lokale-klimaanpassung.de\\\/#organization\",\"name\":\"Lokale Klimaanpassung\",\"url\":\"https:\\\/\\\/lokale-klimaanpassung.de\\\/\",\"logo\":{\"@type\":\"ImageObject\",\"inLanguage\":\"en-US\",\"@id\":\"https:\\\/\\\/lokale-klimaanpassung.de\\\/#\\\/schema\\\/logo\\\/image\\\/\",\"url\":\"https:\\\/\\\/lokale-klimaanpassung.de\\\/wp-content\\\/uploads\\\/2021\\\/10\\\/LoKlim_Signet_vertikal_en.svg\",\"contentUrl\":\"https:\\\/\\\/lokale-klimaanpassung.de\\\/wp-content\\\/uploads\\\/2021\\\/10\\\/LoKlim_Signet_vertikal_en.svg\",\"width\":184,\"height\":145,\"caption\":\"Lokale Klimaanpassung\"},\"image\":{\"@id\":\"https:\\\/\\\/lokale-klimaanpassung.de\\\/#\\\/schema\\\/logo\\\/image\\\/\"},\"sameAs\":[\"https:\\\/\\\/x.com\\\/loklimfreiburg\"]}]}<\/script>\n<!-- \/ Yoast SEO plugin. -->","yoast_head_json":{"title":"Project Advisory Board - Lokale Klimaanpassung","description":"Energieagentur Regio Freiburg, ifpro, KEA-BW, S\u00fcddeutsches Klimab\u00fcro, LUBW, Regionalverband Nordschwarzwald und S\u00fcdlicher Oberrhein bilden den Proketbeirat.","robots":{"index":"index","follow":"follow","max-snippet":"max-snippet:-1","max-image-preview":"max-image-preview:large","max-video-preview":"max-video-preview:-1"},"canonical":"https:\/\/lokale-klimaanpassung.de\/en\/projektpartner\/projektbeirat\/","og_locale":"en_US","og_type":"article","og_title":"Project Advisory Board - Lokale Klimaanpassung","og_description":"Energieagentur Regio Freiburg, ifpro, KEA-BW, S\u00fcddeutsches Klimab\u00fcro, LUBW, Regionalverband Nordschwarzwald und S\u00fcdlicher Oberrhein bilden den Proketbeirat.","og_url":"https:\/\/lokale-klimaanpassung.de\/en\/projektpartner\/projektbeirat\/","og_site_name":"Lokale Klimaanpassung","article_modified_time":"2021-12-07T08:28:02+00:00","og_image":[{"url":"https:\/\/lokale-klimaanpassung.de\/wp-content\/uploads\/2020\/07\/energieagentur-regio-freiburg-logo.png","type":"","width":"","height":""}],"twitter_card":"summary_large_image","twitter_site":"@loklimfreiburg","twitter_misc":{"Est. reading time":"4 minutes"},"schema":{"@context":"https:\/\/schema.org","@graph":[{"@type":"WebPage","@id":"https:\/\/lokale-klimaanpassung.de\/en\/projektpartner\/projektbeirat\/","url":"https:\/\/lokale-klimaanpassung.de\/en\/projektpartner\/projektbeirat\/","name":"Project Advisory Board - Lokale Klimaanpassung","isPartOf":{"@id":"https:\/\/lokale-klimaanpassung.de\/#website"},"primaryImageOfPage":{"@id":"https:\/\/lokale-klimaanpassung.de\/en\/projektpartner\/projektbeirat\/#primaryimage"},"image":{"@id":"https:\/\/lokale-klimaanpassung.de\/en\/projektpartner\/projektbeirat\/#primaryimage"},"thumbnailUrl":"https:\/\/lokale-klimaanpassung.de\/wp-content\/uploads\/2020\/07\/energieagentur-regio-freiburg-logo.png","datePublished":"2020-07-07T14:14:41+00:00","dateModified":"2021-12-07T08:28:02+00:00","description":"Energieagentur Regio Freiburg, ifpro, KEA-BW, S\u00fcddeutsches Klimab\u00fcro, LUBW, Regionalverband Nordschwarzwald und S\u00fcdlicher Oberrhein bilden den Proketbeirat.","breadcrumb":{"@id":"https:\/\/lokale-klimaanpassung.de\/en\/projektpartner\/projektbeirat\/#breadcrumb"},"inLanguage":"en-US","potentialAction":[{"@type":"ReadAction","target":["https:\/\/lokale-klimaanpassung.de\/en\/projektpartner\/projektbeirat\/"]}]},{"@type":"ImageObject","inLanguage":"en-US","@id":"https:\/\/lokale-klimaanpassung.de\/en\/projektpartner\/projektbeirat\/#primaryimage","url":"https:\/\/lokale-klimaanpassung.de\/wp-content\/uploads\/2020\/07\/energieagentur-regio-freiburg-logo.png","contentUrl":"https:\/\/lokale-klimaanpassung.de\/wp-content\/uploads\/2020\/07\/energieagentur-regio-freiburg-logo.png"},{"@type":"BreadcrumbList","@id":"https:\/\/lokale-klimaanpassung.de\/en\/projektpartner\/projektbeirat\/#breadcrumb","itemListElement":[{"@type":"ListItem","position":1,"name":"Start","item":"https:\/\/lokale-klimaanpassung.de\/en\/"},{"@type":"ListItem","position":2,"name":"Project partners","item":"https:\/\/lokale-klimaanpassung.de\/en\/projektpartner\/"},{"@type":"ListItem","position":3,"name":"Project Advisory Board"}]},{"@type":"WebSite","@id":"https:\/\/lokale-klimaanpassung.de\/#website","url":"https:\/\/lokale-klimaanpassung.de\/","name":"Lokale Klimaanpassung","description":"Lokale Klimaintiativen Baden-W\u00fcrttemberg","publisher":{"@id":"https:\/\/lokale-klimaanpassung.de\/#organization"},"potentialAction":[{"@type":"SearchAction","target":{"@type":"EntryPoint","urlTemplate":"https:\/\/lokale-klimaanpassung.de\/?s={search_term_string}"},"query-input":{"@type":"PropertyValueSpecification","valueRequired":true,"valueName":"search_term_string"}}],"inLanguage":"en-US"},{"@type":"Organization","@id":"https:\/\/lokale-klimaanpassung.de\/#organization","name":"Lokale Klimaanpassung","url":"https:\/\/lokale-klimaanpassung.de\/","logo":{"@type":"ImageObject","inLanguage":"en-US","@id":"https:\/\/lokale-klimaanpassung.de\/#\/schema\/logo\/image\/","url":"https:\/\/lokale-klimaanpassung.de\/wp-content\/uploads\/2021\/10\/LoKlim_Signet_vertikal_en.svg","contentUrl":"https:\/\/lokale-klimaanpassung.de\/wp-content\/uploads\/2021\/10\/LoKlim_Signet_vertikal_en.svg","width":184,"height":145,"caption":"Lokale Klimaanpassung"},"image":{"@id":"https:\/\/lokale-klimaanpassung.de\/#\/schema\/logo\/image\/"},"sameAs":["https:\/\/x.com\/loklimfreiburg"]}]}},"hisi_hide_singular":"","_links":{"self":[{"href":"https:\/\/lokale-klimaanpassung.de\/en\/wp-json\/wp\/v2\/pages\/6086","targetHints":{"allow":["GET"]}}],"collection":[{"href":"https:\/\/lokale-klimaanpassung.de\/en\/wp-json\/wp\/v2\/pages"}],"about":[{"href":"https:\/\/lokale-klimaanpassung.de\/en\/wp-json\/wp\/v2\/types\/page"}],"author":[{"embeddable":true,"href":"https:\/\/lokale-klimaanpassung.de\/en\/wp-json\/wp\/v2\/users\/1"}],"replies":[{"embeddable":true,"href":"https:\/\/lokale-klimaanpassung.de\/en\/wp-json\/wp\/v2\/comments?post=6086"}],"version-history":[{"count":10,"href":"https:\/\/lokale-klimaanpassung.de\/en\/wp-json\/wp\/v2\/pages\/6086\/revisions"}],"predecessor-version":[{"id":7044,"href":"https:\/\/lokale-klimaanpassung.de\/en\/wp-json\/wp\/v2\/pages\/6086\/revisions\/7044"}],"up":[{"embeddable":true,"href":"https:\/\/lokale-klimaanpassung.de\/en\/wp-json\/wp\/v2\/pages\/6084"}],"wp:attachment":[{"href":"https:\/\/lokale-klimaanpassung.de\/en\/wp-json\/wp\/v2\/media?parent=6086"}],"curies":[{"name":"wp","href":"https:\/\/api.w.org\/{rel}","templated":true}]}}